{"id":4529,"date":"2024-10-13T15:41:52","date_gmt":"2024-10-13T12:41:52","guid":{"rendered":"https:\/\/urumi.fi\/auctionhouse\/?post_type=product&#038;p=4529"},"modified":"2024-11-16T14:07:20","modified_gmt":"2024-11-16T11:07:20","slug":"haruhi-suzumiya-mikuru-asahina-figuuri-joulu-kunto-c","status":"publish","type":"product","link":"https:\/\/urumi.fi\/auctionhouse\/en\/tuote\/haruhi-suzumiya-mikuru-asahina-figuuri-joulu-kunto-c\/","title":{"rendered":"Haruhi Suzumiya: Mikuru Asahina &#8211; figuuri (joulu) Kunto: -\/D"},"content":{"rendered":"<p>Ei pakkausta. Tuotteen kunto D. Jalan pohjallinen irronnut, pysyy juuri ja juuri pystyss\u00e4 ilman. Vika korjattavissa. Jaloissa isoja naarmuja.<\/p>\n<p>S &#8211; Uusi<br \/>\nA &#8211; Erinomainen<br \/>\nB &#8211; Hyv\u00e4<br \/>\nC &#8211; Kohtalainen<br \/>\nD &#8211; Heikko<\/p>\n<p>Lue tarkemmat tiedot <a href=\"https:\/\/urumi.fi\/auctionhouse\/kuntoluokitukset\/\">kuntoluokituksista t\u00e4\u00e4lt\u00e4<\/a>.<\/p>\n<p>Huomioithan, ett\u00e4 kuvat ovat vain yleiskuvia tuotteista ja kaikki mahdolliset viat eiv\u00e4t n\u00e4y kuvissa. Osa vioista (mikronaarmut) voivat olla mahdottomia saada kuviin ja joitakin vikoja (p\u00f6lyyntyminen) kuvat korostavat huomattavan paljon.<\/p>\n","protected":false},"excerpt":{"rendered":"<p>Ei pakkausta. Tuotteen kunto D. Jalan pohjallinen irronnut, pysyy juuri ja juuri pystyss\u00e4 ilman. Vika korjattavissa. Jaloissa isoja naarmuja. S &#8211; Uusi A &#8211; Erinomainen B &#8211; Hyv\u00e4 C &#8211; Kohtalainen D &#8211; Heikko Lue tarkemmat tiedot kuntoluokituksista t\u00e4\u00e4lt\u00e4. Huomioithan, ett\u00e4 kuvat ovat vain yleiskuvia tuotteista ja kaikki mahdolliset viat eiv\u00e4t n\u00e4y kuvissa. Osa vioista [&hellip;]<\/p>\n","protected":false},"featured_media":4467,"comment_status":"open","ping_status":"closed","template":"","meta":[],"product_brand":[],"product_cat":[27],"product_tag":[47,113],"class_list":{"0":"post-4529","1":"product","2":"type-product","3":"status-publish","4":"has-post-thumbnail","6":"product_cat-figuurit","7":"product_tag-animefiguuri","8":"product_tag-haruhi-suzumiya","10":"first","11":"instock","12":"taxable","13":"shipping-taxable","14":"purchasable","15":"product-type-simple","16":"add-to-wishlist-after_add_to_cart"},"_links":{"self":[{"href":"https:\/\/urumi.fi\/auctionhouse\/en\/wp-json\/wp\/v2\/product\/4529","targetHints":{"allow":["GET"]}}],"collection":[{"href":"https:\/\/urumi.fi\/auctionhouse\/en\/wp-json\/wp\/v2\/product"}],"about":[{"href":"https:\/\/urumi.fi\/auctionhouse\/en\/wp-json\/wp\/v2\/types\/product"}],"replies":[{"embeddable":true,"href":"https:\/\/urumi.fi\/auctionhouse\/en\/wp-json\/wp\/v2\/comments?post=4529"}],"version-history":[{"count":0,"href":"https:\/\/urumi.fi\/auctionhouse\/en\/wp-json\/wp\/v2\/product\/4529\/revisions"}],"wp:featuredmedia":[{"embeddable":true,"href":"https:\/\/urumi.fi\/auctionhouse\/en\/wp-json\/wp\/v2\/media\/4467"}],"wp:attachment":[{"href":"https:\/\/urumi.fi\/auctionhouse\/en\/wp-json\/wp\/v2\/media?parent=4529"}],"wp:term":[{"taxonomy":"product_brand","embeddable":true,"href":"https:\/\/urumi.fi\/auctionhouse\/en\/wp-json\/wp\/v2\/product_brand?post=4529"},{"taxonomy":"product_cat","embeddable":true,"href":"https:\/\/urumi.fi\/auctionhouse\/en\/wp-json\/wp\/v2\/product_cat?post=4529"},{"taxonomy":"product_tag","embeddable":true,"href":"https:\/\/urumi.fi\/auctionhouse\/en\/wp-json\/wp\/v2\/product_tag?post=4529"}],"curies":[{"name":"wp","href":"https:\/\/api.w.org\/{rel}","templated":true}]}}