{"id":6008,"date":"2024-11-12T16:34:06","date_gmt":"2024-11-12T13:34:06","guid":{"rendered":"https:\/\/urumi.fi\/auctionhouse\/?post_type=product&#038;p=6008"},"modified":"2025-05-23T23:44:46","modified_gmt":"2025-05-23T20:44:46","slug":"pokemon-pokemon-eraser-minifiguuri-kynanpaa-nidoking-tumma-sininen-kunto-a","status":"publish","type":"product","link":"https:\/\/urumi.fi\/auctionhouse\/en\/tuote\/pokemon-pokemon-eraser-minifiguuri-kynanpaa-nidoking-tumma-sininen-kunto-a\/","title":{"rendered":"Pokemon: Pok\u00e9mon Eraser &#8211; minifiguuri\/kyn\u00e4np\u00e4\u00e4: Nidoking, tumma sininen Kunto: -\/A"},"content":{"rendered":"<p><!--more-->Ei pakkausta. Kunto A.<\/p>\n<p>Pokemon Eraser -sarja on yksi vanhimpia Pokemon-figuurisarjoja. Nimest\u00e4\u00e4n huolimatta figuurit eiv\u00e4t ole pyyhekumeja, vaan joustavasta muovista valmistettuja pikkufiguureita. Hahmot on valmistettu suuntaa-antavassa mittasuhteessa ja niiden korkeus vaihtelee v\u00e4lill\u00e4 0,5-3 cm. Kyn\u00e4np\u00e4\u00e4-figuureissa on pohjassa reik\u00e4 kyn\u00e4\u00e4n asettamista varten.<\/p>\n<p>S &#8211; Uusi<br \/>\nA &#8211; Erinomainen<br \/>\nB &#8211; Hyv\u00e4<br \/>\nC &#8211; Kohtalainen<br \/>\nD &#8211; Heikko<\/p>\n<p>Lue tarkemmat tiedot <a href=\"https:\/\/urumi.fi\/auctionhouse\/kuntoluokitukset\/\">kuntoluokituksista t\u00e4\u00e4lt\u00e4<\/a>. Pokemon Kids -figuurit luokitellaan vain kolmeen kuntoluokkaan: S (uusi, muoveissa), C (kohtalainen, kulunut) ja D (heikko, rikki).<\/p>\n<p>Huomioithan, ett\u00e4 kuvat ovat vain yleiskuvia tuotteista ja kaikki mahdolliset viat eiv\u00e4t n\u00e4y kuvissa. Osa vioista (mikronaarmut) voivat olla mahdottomia saada kuviin ja joitakin vikoja (p\u00f6lyyntyminen) kuvat korostavat huomattavan paljon.<\/p>\n","protected":false},"excerpt":{"rendered":"","protected":false},"featured_media":5732,"comment_status":"open","ping_status":"closed","template":"","meta":[],"product_brand":[],"product_cat":[28],"product_tag":[56],"class_list":{"0":"post-6008","1":"product","2":"type-product","3":"status-publish","4":"has-post-thumbnail","6":"product_cat-pikkutavarat","7":"product_tag-pokemon","9":"first","10":"instock","11":"taxable","12":"shipping-taxable","13":"purchasable","14":"product-type-simple","15":"add-to-wishlist-after_add_to_cart"},"_links":{"self":[{"href":"https:\/\/urumi.fi\/auctionhouse\/en\/wp-json\/wp\/v2\/product\/6008","targetHints":{"allow":["GET"]}}],"collection":[{"href":"https:\/\/urumi.fi\/auctionhouse\/en\/wp-json\/wp\/v2\/product"}],"about":[{"href":"https:\/\/urumi.fi\/auctionhouse\/en\/wp-json\/wp\/v2\/types\/product"}],"replies":[{"embeddable":true,"href":"https:\/\/urumi.fi\/auctionhouse\/en\/wp-json\/wp\/v2\/comments?post=6008"}],"version-history":[{"count":1,"href":"https:\/\/urumi.fi\/auctionhouse\/en\/wp-json\/wp\/v2\/product\/6008\/revisions"}],"predecessor-version":[{"id":9078,"href":"https:\/\/urumi.fi\/auctionhouse\/en\/wp-json\/wp\/v2\/product\/6008\/revisions\/9078"}],"wp:featuredmedia":[{"embeddable":true,"href":"https:\/\/urumi.fi\/auctionhouse\/en\/wp-json\/wp\/v2\/media\/5732"}],"wp:attachment":[{"href":"https:\/\/urumi.fi\/auctionhouse\/en\/wp-json\/wp\/v2\/media?parent=6008"}],"wp:term":[{"taxonomy":"product_brand","embeddable":true,"href":"https:\/\/urumi.fi\/auctionhouse\/en\/wp-json\/wp\/v2\/product_brand?post=6008"},{"taxonomy":"product_cat","embeddable":true,"href":"https:\/\/urumi.fi\/auctionhouse\/en\/wp-json\/wp\/v2\/product_cat?post=6008"},{"taxonomy":"product_tag","embeddable":true,"href":"https:\/\/urumi.fi\/auctionhouse\/en\/wp-json\/wp\/v2\/product_tag?post=6008"}],"curies":[{"name":"wp","href":"https:\/\/api.w.org\/{rel}","templated":true}]}}