{"id":6858,"date":"2024-12-08T20:12:50","date_gmt":"2024-12-08T17:12:50","guid":{"rendered":"https:\/\/urumi.fi\/auctionhouse\/?post_type=product&#038;p=6858"},"modified":"2026-01-17T18:00:11","modified_gmt":"2026-01-17T15:00:11","slug":"jjba-iggy-figuuri-banpresto-ichiban-kuji-kunto-c","status":"publish","type":"product","link":"https:\/\/urumi.fi\/auctionhouse\/en\/tuote\/jjba-iggy-figuuri-banpresto-ichiban-kuji-kunto-c\/","title":{"rendered":"JJBA: Iggy &#8211; figuuri (Banpresto, Ichiban Kuji) Kunto: -\/C"},"content":{"rendered":"<p>Ei pakkausta. Figuurin kunto C (paljon naarmuja kasvoissa ja n\u00e4kyvill\u00e4 paikoilla). T\u00e4m\u00e4 figuuri on ollut palkintona Jojo&#8217;s Bizarre Adventure &#8211; Ichiban Kuji -arvonnassa. Se ei ole koskaan ollut yleisess\u00e4 myynniss\u00e4. Iggyn sel\u00e4ss\u00e4 on luukku, josta figuurin sis\u00e4lle voi tiputtaa karkkeja, kolikoita tai muuta pikkutavaraa ja ottaa ne sitten esiin Iggyn tassuissa olevan rasian avaamalla.<\/p>\n<p>S &#8211; Uusi<br \/>\nA &#8211; Erinomainen<br \/>\nB &#8211; Hyv\u00e4<br \/>\nC &#8211; Kohtalainen<br \/>\nD &#8211; Heikko<\/p>\n<p>Lue tarkemmat tiedot <a href=\"https:\/\/urumi.fi\/auctionhouse\/kuntoluokitukset\/\">kuntoluokituksista t\u00e4\u00e4lt\u00e4<\/a>.<\/p>\n<p>Huomioithan, ett\u00e4 kuvat ovat vain yleiskuvia tuotteista ja kaikki mahdolliset viat eiv\u00e4t n\u00e4y kuvissa. Osa vioista (mikronaarmut) voivat olla mahdottomia saada kuviin ja joitakin vikoja (p\u00f6lyyntyminen) kuvat korostavat huomattavan paljon.<\/p>\n","protected":false},"excerpt":{"rendered":"<p>Ei pakkausta. Figuurin kunto C (paljon naarmuja kasvoissa ja n\u00e4kyvill\u00e4 paikoilla). T\u00e4m\u00e4 figuuri on ollut palkintona Jojo&#8217;s Bizarre Adventure &#8211; Ichiban Kuji -arvonnassa. Se ei ole koskaan ollut yleisess\u00e4 myynniss\u00e4. Iggyn sel\u00e4ss\u00e4 on luukku, josta figuurin sis\u00e4lle voi tiputtaa karkkeja, kolikoita tai muuta pikkutavaraa ja ottaa ne sitten esiin Iggyn tassuissa olevan rasian avaamalla. S [&hellip;]<\/p>\n","protected":false},"featured_media":6596,"comment_status":"open","ping_status":"closed","template":"","meta":[],"product_brand":[],"product_cat":[27],"product_tag":[47,69,63,64],"class_list":{"0":"post-6858","1":"product","2":"type-product","3":"status-publish","4":"has-post-thumbnail","6":"product_cat-figuurit","7":"product_tag-animefiguuri","8":"product_tag-jjba","9":"product_tag-jojo","10":"product_tag-jojos-bizarre-adventure","12":"first","13":"outofstock","14":"taxable","15":"shipping-taxable","16":"product-type-simple","17":"add-to-wishlist-after_add_to_cart"},"_links":{"self":[{"href":"https:\/\/urumi.fi\/auctionhouse\/en\/wp-json\/wp\/v2\/product\/6858","targetHints":{"allow":["GET"]}}],"collection":[{"href":"https:\/\/urumi.fi\/auctionhouse\/en\/wp-json\/wp\/v2\/product"}],"about":[{"href":"https:\/\/urumi.fi\/auctionhouse\/en\/wp-json\/wp\/v2\/types\/product"}],"replies":[{"embeddable":true,"href":"https:\/\/urumi.fi\/auctionhouse\/en\/wp-json\/wp\/v2\/comments?post=6858"}],"version-history":[{"count":1,"href":"https:\/\/urumi.fi\/auctionhouse\/en\/wp-json\/wp\/v2\/product\/6858\/revisions"}],"predecessor-version":[{"id":8943,"href":"https:\/\/urumi.fi\/auctionhouse\/en\/wp-json\/wp\/v2\/product\/6858\/revisions\/8943"}],"wp:featuredmedia":[{"embeddable":true,"href":"https:\/\/urumi.fi\/auctionhouse\/en\/wp-json\/wp\/v2\/media\/6596"}],"wp:attachment":[{"href":"https:\/\/urumi.fi\/auctionhouse\/en\/wp-json\/wp\/v2\/media?parent=6858"}],"wp:term":[{"taxonomy":"product_brand","embeddable":true,"href":"https:\/\/urumi.fi\/auctionhouse\/en\/wp-json\/wp\/v2\/product_brand?post=6858"},{"taxonomy":"product_cat","embeddable":true,"href":"https:\/\/urumi.fi\/auctionhouse\/en\/wp-json\/wp\/v2\/product_cat?post=6858"},{"taxonomy":"product_tag","embeddable":true,"href":"https:\/\/urumi.fi\/auctionhouse\/en\/wp-json\/wp\/v2\/product_tag?post=6858"}],"curies":[{"name":"wp","href":"https:\/\/api.w.org\/{rel}","templated":true}]}}