{"id":7104,"date":"2024-12-16T12:16:44","date_gmt":"2024-12-16T09:16:44","guid":{"rendered":"https:\/\/urumi.fi\/auctionhouse\/?post_type=product&#038;p=7104"},"modified":"2025-05-23T23:21:54","modified_gmt":"2025-05-23T20:21:54","slug":"pretty-cure-cure-lemonade-figuuri-doll-series-kunto-c","status":"publish","type":"product","link":"https:\/\/urumi.fi\/auctionhouse\/en\/tuote\/pretty-cure-cure-lemonade-figuuri-doll-series-kunto-c\/","title":{"rendered":"Pretty Cure: Cure Lemonade &#8211; figuuri (Doll Series) Kunto: -\/C"},"content":{"rendered":"<p>Ei pakkausta. Figuurin kunto C. Figuuri liimattu kiinni alustaan. Doll Series -sarjaa, jossa hahmojen osia voi liikutella hieman (p\u00e4\u00e4, olkap\u00e4\u00e4t, jalat).<\/p>\n<p>Pretty Cure tunnetaan my\u00f6s nimell\u00e4 Glitter Force.<\/p>\n<p>S &#8211; Uusi<br \/>\nA &#8211; Erinomainen<br \/>\nB &#8211; Hyv\u00e4<br \/>\nC &#8211; Kohtalainen<br \/>\nD &#8211; Heikko<\/p>\n<p>Lue tarkemmat tiedot <a href=\"https:\/\/urumi.fi\/auctionhouse\/kuntoluokitukset\/\">kuntoluokituksista t\u00e4\u00e4lt\u00e4<\/a>.<\/p>\n<p>Huomioithan, ett\u00e4 kuvat ovat vain yleiskuvia tuotteista ja kaikki mahdolliset viat eiv\u00e4t n\u00e4y kuvissa. Osa vioista (mikronaarmut) voivat olla mahdottomia saada kuviin ja joitakin vikoja (p\u00f6lyyntyminen) kuvat korostavat huomattavan paljon.<\/p>\n","protected":false},"excerpt":{"rendered":"<p>Ei pakkausta. Figuurin kunto C. Figuuri liimattu kiinni alustaan. Doll Series -sarjaa, jossa hahmojen osia voi liikutella hieman (p\u00e4\u00e4, olkap\u00e4\u00e4t, jalat). Pretty Cure tunnetaan my\u00f6s nimell\u00e4 Glitter Force. S &#8211; Uusi A &#8211; Erinomainen B &#8211; Hyv\u00e4 C &#8211; Kohtalainen D &#8211; Heikko Lue tarkemmat tiedot kuntoluokituksista t\u00e4\u00e4lt\u00e4. Huomioithan, ett\u00e4 kuvat ovat vain yleiskuvia tuotteista [&hellip;]<\/p>\n","protected":false},"featured_media":6890,"comment_status":"open","ping_status":"closed","template":"","meta":[],"product_brand":[],"product_cat":[27],"product_tag":[47,116,114],"class_list":{"0":"post-7104","1":"product","2":"type-product","3":"status-publish","4":"has-post-thumbnail","6":"product_cat-figuurit","7":"product_tag-animefiguuri","8":"product_tag-glitter-force","9":"product_tag-pretty-cure","11":"first","12":"instock","13":"taxable","14":"shipping-taxable","15":"purchasable","16":"product-type-simple","17":"add-to-wishlist-after_add_to_cart"},"_links":{"self":[{"href":"https:\/\/urumi.fi\/auctionhouse\/en\/wp-json\/wp\/v2\/product\/7104","targetHints":{"allow":["GET"]}}],"collection":[{"href":"https:\/\/urumi.fi\/auctionhouse\/en\/wp-json\/wp\/v2\/product"}],"about":[{"href":"https:\/\/urumi.fi\/auctionhouse\/en\/wp-json\/wp\/v2\/types\/product"}],"replies":[{"embeddable":true,"href":"https:\/\/urumi.fi\/auctionhouse\/en\/wp-json\/wp\/v2\/comments?post=7104"}],"version-history":[{"count":1,"href":"https:\/\/urumi.fi\/auctionhouse\/en\/wp-json\/wp\/v2\/product\/7104\/revisions"}],"predecessor-version":[{"id":8952,"href":"https:\/\/urumi.fi\/auctionhouse\/en\/wp-json\/wp\/v2\/product\/7104\/revisions\/8952"}],"wp:featuredmedia":[{"embeddable":true,"href":"https:\/\/urumi.fi\/auctionhouse\/en\/wp-json\/wp\/v2\/media\/6890"}],"wp:attachment":[{"href":"https:\/\/urumi.fi\/auctionhouse\/en\/wp-json\/wp\/v2\/media?parent=7104"}],"wp:term":[{"taxonomy":"product_brand","embeddable":true,"href":"https:\/\/urumi.fi\/auctionhouse\/en\/wp-json\/wp\/v2\/product_brand?post=7104"},{"taxonomy":"product_cat","embeddable":true,"href":"https:\/\/urumi.fi\/auctionhouse\/en\/wp-json\/wp\/v2\/product_cat?post=7104"},{"taxonomy":"product_tag","embeddable":true,"href":"https:\/\/urumi.fi\/auctionhouse\/en\/wp-json\/wp\/v2\/product_tag?post=7104"}],"curies":[{"name":"wp","href":"https:\/\/api.w.org\/{rel}","templated":true}]}}