{"id":9600,"date":"2026-02-11T22:00:46","date_gmt":"2026-02-11T19:00:46","guid":{"rendered":"https:\/\/urumi.fi\/auctionhouse\/?post_type=product&#038;p=9600"},"modified":"2026-04-04T14:36:59","modified_gmt":"2026-04-04T11:36:59","slug":"hopeanuoli-figure-collection-so-ta","status":"publish","type":"product","link":"https:\/\/urumi.fi\/auctionhouse\/en\/tuote\/hopeanuoli-figure-collection-so-ta\/","title":{"rendered":"Hopeanuoli: Figure Collection SO-TA"},"content":{"rendered":"<p>Kunto: S\/S (uusi, avaamaton pakkaus)<\/p>\n<p>Hahmovaihtoehdot:<\/p>\n<p>Gin, Riki, John, Akame, Ben ja Akakabuto<\/p>\n<p>Huom! Jos saat Akakabuton, saat kokonaisen figuurin. Akakabuto on alunperin myyty jaettuna figuurina: rintakuva erill\u00e4\u00e4n, oikea jalka Rikin kanssa ja vasen jalka Johnin kanssa. Myymme Akakabuton kuitenkin kokonaisena figuurina, koska muuten siit\u00e4 j\u00e4isi monille vain puolikkaita figuureita ja irtojalkoja.<\/p>\n<p>SO-TAn ennakkotilausversiot, jotka sai vain SO-TAn nettikaupasta tai kivijalkaliikkeist\u00e4 Japanissa.<\/p>\n<p>Ostaessasi t\u00e4yden setin saat my\u00f6s esillepanolaatikon ja muoviliuskan, jossa on vuorosanoja laitettavaksi figuureiden viereen.<\/p>\n<p>Jos tilaat Random-tuotteen, saat avaamattoman figuurin. Jos tilaat Random, takuu -tuotteen, avaamme paketin l\u00e4hetyksen yhteydess\u00e4 ja varmistamme, ettet saa kahta samanlaista hahmoa. Jos valitset tuotteen T\u00e4ysi setti, saat t\u00e4yden sarjan figuureita (6 kpl).<\/p>\n<p>Mit\u00e4 eroa Gashapon-versiolla on SO-TAn ennakkotilaus-versioon verrattuna?<br \/>\nGashapon-figuuri ei tule laatikossa, vaan l\u00e4pin\u00e4kyv\u00e4ss\u00e4 muovipallossa. Ennakkotilausfiguureissa on enemm\u00e4n yksityiskohtia ja niiden maalaamiseen on k\u00e4ytetty eri v\u00e4ris\u00e4vyj\u00e4. Gashapon-figuureissa on mukana my\u00f6s hopeanv\u00e4riset figuurit, joita ei ollut ollenkaan saatavana ennakkotilausfiguureissa.<\/p>\n","protected":false},"excerpt":{"rendered":"<p>Kunto: S\/S (uusi, avaamaton pakkaus) Hahmovaihtoehdot: Gin, Riki, John, Akame, Ben ja Akakabuto Huom! Jos saat Akakabuton, saat kokonaisen figuurin. Akakabuto on alunperin myyty jaettuna figuurina: rintakuva erill\u00e4\u00e4n, oikea jalka Rikin kanssa ja vasen jalka Johnin kanssa. Myymme Akakabuton kuitenkin kokonaisena figuurina, koska muuten siit\u00e4 j\u00e4isi monille vain puolikkaita figuureita ja irtojalkoja. SO-TAn ennakkotilausversiot, jotka [&hellip;]<\/p>\n","protected":false},"featured_media":9619,"comment_status":"open","ping_status":"closed","template":"","meta":[],"product_brand":[],"product_cat":[27],"product_tag":[158,209,53],"class_list":{"0":"post-9600","1":"product","2":"type-product","3":"status-publish","4":"has-post-thumbnail","6":"product_cat-figuurit","7":"product_tag-ginga-densetsu-weed","8":"product_tag-ginga-nagareboshi-gin","9":"product_tag-hopeanuoli","11":"first","12":"instock","13":"taxable","14":"shipping-taxable","15":"purchasable","16":"product-type-variable","17":"has-default-attributes","18":"add-to-wishlist-after_add_to_cart"},"_links":{"self":[{"href":"https:\/\/urumi.fi\/auctionhouse\/en\/wp-json\/wp\/v2\/product\/9600","targetHints":{"allow":["GET"]}}],"collection":[{"href":"https:\/\/urumi.fi\/auctionhouse\/en\/wp-json\/wp\/v2\/product"}],"about":[{"href":"https:\/\/urumi.fi\/auctionhouse\/en\/wp-json\/wp\/v2\/types\/product"}],"replies":[{"embeddable":true,"href":"https:\/\/urumi.fi\/auctionhouse\/en\/wp-json\/wp\/v2\/comments?post=9600"}],"version-history":[{"count":1,"href":"https:\/\/urumi.fi\/auctionhouse\/en\/wp-json\/wp\/v2\/product\/9600\/revisions"}],"predecessor-version":[{"id":9621,"href":"https:\/\/urumi.fi\/auctionhouse\/en\/wp-json\/wp\/v2\/product\/9600\/revisions\/9621"}],"wp:featuredmedia":[{"embeddable":true,"href":"https:\/\/urumi.fi\/auctionhouse\/en\/wp-json\/wp\/v2\/media\/9619"}],"wp:attachment":[{"href":"https:\/\/urumi.fi\/auctionhouse\/en\/wp-json\/wp\/v2\/media?parent=9600"}],"wp:term":[{"taxonomy":"product_brand","embeddable":true,"href":"https:\/\/urumi.fi\/auctionhouse\/en\/wp-json\/wp\/v2\/product_brand?post=9600"},{"taxonomy":"product_cat","embeddable":true,"href":"https:\/\/urumi.fi\/auctionhouse\/en\/wp-json\/wp\/v2\/product_cat?post=9600"},{"taxonomy":"product_tag","embeddable":true,"href":"https:\/\/urumi.fi\/auctionhouse\/en\/wp-json\/wp\/v2\/product_tag?post=9600"}],"curies":[{"name":"wp","href":"https:\/\/api.w.org\/{rel}","templated":true}]}}