{"id":2101,"date":"2024-07-12T16:05:17","date_gmt":"2024-07-12T13:05:17","guid":{"rendered":"https:\/\/urumi.fi\/auctionhouse\/?page_id=2101"},"modified":"2024-07-12T16:05:17","modified_gmt":"2024-07-12T13:05:17","slug":"rekisteriseloste","status":"publish","type":"page","link":"https:\/\/urumi.fi\/auctionhouse\/rekisteriseloste\/","title":{"rendered":"Rekisteriseloste"},"content":{"rendered":"\n<p>Henkil\u00f6tietolaki (523\/99) 10 \u00a7 mukainen rekisteriseloste.<\/p>\n\n\n\n<p>AuctionHouse Urumin asiakkaiden henkil\u00f6tietoja ker\u00e4t\u00e4\u00e4n asiakasrekisteriin rekister\u00f6itymisen ja tilaamisen yhteydess\u00e4. T\u00e4st\u00e4 rekisteriselosteesta selvi\u00e4\u00e4, mit\u00e4 tietoja ker\u00e4t\u00e4\u00e4n ja mihin niit\u00e4 k\u00e4ytet\u00e4\u00e4n.<\/p>\n\n\n\n<p><strong>1.<\/strong> Rekisterinpit\u00e4j\u00e4<br>AuctionHouse Urumi TMI<br>Tehdaskatu 8<br>70620 Kuopio<br>info@urumi.fi<br>www.urumi.fi<\/p>\n\n\n\n<p><strong>2.<\/strong> Rekisterin nimi<br>Urumin asiakasrekisteri.<\/p>\n\n\n\n<p><strong>3.<\/strong> Rekisterin k\u00e4ytt\u00f6tarkoitus<br>Rekisteri\u00e4 k\u00e4ytet\u00e4\u00e4n asiakkaan tilausten k\u00e4sittelyyn, muuhun asiakassuhteen hoitoon sek\u00e4 suoramarkkinointiin. Rekisterin tietoja k\u00e4ytet\u00e4\u00e4n ainoastaan Urumin omaan suoramarkkinointiin, jollei asiakas ole suoramarkkinointia kielt\u00e4nyt. Rekisterin tietoja ei luovuteta ulkopuolisille tahoille. Urumi k\u00e4ytt\u00e4\u00e4 asiakastietoja ja muita asiakassuhteen aikana syntyneit\u00e4 tietoja ainoastaan omassa toiminnassaan eik\u00e4 niit\u00e4 luovuteta kolmansille osapuolille.<\/p>\n\n\n\n<p><strong>4.<\/strong> Rekisterin tietosis\u00e4lt\u00f6<br>Asiakasrekisterin muodostavat asiakkaasta tallennetut tietojoukot seuraavasti: Verkkokaupan asiakkaiden yksil\u00f6intitiedot: asiakasrekisteriin tallennetaan ne tiedot, jotka asiakas on t\u00e4ytt\u00e4nyt Urumin sivuston asiakkaaksi rekister\u00f6ityess\u00e4\u00e4n tai tilauksen tehdess\u00e4\u00e4n. Pakollisia tietoja ovat etunimi, sukunimi, katuosoite, postinumero postitoimipaikka ja s\u00e4hk\u00f6postiosoite. T\u00e4m\u00e4n lis\u00e4ksi tallennetaan uutiskirjeen tilaajat, tiedot asiakkaiden tilauksista, toimituksista, palautuksista, pistem\u00e4\u00e4rist\u00e4 sek\u00e4 erikoispalveluista (esim. kaksoiskappaletakuu). Sivusto tallentaa automaattisesti my\u00f6s IP-osoitteen, josta asiakas rekister\u00f6ityy tai tekee tilauksen.<\/p>\n\n\n\n<p>Asiakkaiden maksutiedot (pankki, luottokortti, PayPal ym.) eiv\u00e4t tallennu j\u00e4rjestelm\u00e4\u00e4mme, vaan niit\u00e4 k\u00e4sittelee PayTrail ja PayPal -palvelut.<\/p>\n\n\n\n<p>Sivusto k\u00e4ytt\u00e4\u00e4 ev\u00e4steit\u00e4 esimerkiksi ostoskorin, sis\u00e4\u00e4nkirjautumisen ja rekister\u00f6innin toimivuuden takaamiseksi.<\/p>\n\n\n\n<p><strong>5.<\/strong> S\u00e4\u00e4nn\u00f6nmukaiset tietol\u00e4hteet<br>Rekisterin yhteys- ja asiakkuustiedot saadaan asiakassuhteen syntyess\u00e4 ja sen aikana asiakkaan rekisterinpit\u00e4j\u00e4lle tekemist\u00e4 ilmoituksista tai asiakkaan tekemist\u00e4 muutoksista. Asiakassuhde syntyy, kun<br>1) asiakas rekister\u00f6ityy verkkokaupan asiakkaaksi tai<br>2) tilaa tavaraa.<br>3) tilaa s\u00e4hk\u00f6isen uutiskirjeen<\/p>\n\n\n\n<p>Asiakas voi rekister\u00f6ityess\u00e4\u00e4n p\u00e4\u00e4tt\u00e4\u00e4, tilaako h\u00e4n s\u00e4hk\u00f6isen uutiskirjeen vai kielt\u00e4\u00e4k\u00f6 h\u00e4n suoramarkkinoinnin.<\/p>\n\n\n\n<p><strong>6.<\/strong> S\u00e4\u00e4nn\u00f6nmukaiset tietojen luovutukset ja tietojen siirto EU:n tai Euroopan talousalueen ulkopuolelle<br>Asiakasrekisterist\u00e4 ei luovuteta nimi- ja osoitetietoja ulkopuolisille. Tietoja s\u00e4ilytet\u00e4\u00e4n Yhdysvalloissa sijaitsevalla Siteground-palvelimella.<\/p>\n\n\n\n<p><strong>7.<\/strong> Rekisterin suojauksen periaatteet<br>Asiakastietoja sis\u00e4lt\u00e4v\u00e4n koneellisen j\u00e4rjestelm\u00e4n k\u00e4ytt\u00f6\u00f6n ja asiakastietojen muuttamiseen ovat oikeutettuja vain erikseen m\u00e4\u00e4ritetyt Urumin edustajat ja ty\u00f6ntekij\u00e4t. Asiakasrekisteri ja sit\u00e4 k\u00e4sittelev\u00e4t tietoj\u00e4rjestelm\u00e4n laitteistot sijaitsevat ulkopuolisilta suljetuissa lukituissa tiloissa.<\/p>\n\n\n\n<p>Tiedot varmistetaan s\u00e4\u00e4nn\u00f6nmukaisesti varmuuskopioinnilla. J\u00e4rjestelm\u00e4, jossa henkil\u00f6tietoja s\u00e4ilytet\u00e4\u00e4n ja k\u00e4sitell\u00e4\u00e4n, on suojattu palomuurilla ulkopuolelta tulevia yhteydenottoja vastaan. Vaitiolovelvollisuus sitoo asiakasrekisteritietoja k\u00e4sittelevi\u00e4 Urumin edustajia. Tietoja kerrotaan tai luovutetaan ulkopuolisille vain lakiin perustuvan ilmoitusvelvollisuuden johdosta.<\/p>\n\n\n\n<p><strong>8.<\/strong> Mist\u00e4 henkil\u00f6tiedot on saatu<\/p>\n\n\n\n<p>Urumin henkil\u00f6tiedot ovat asiakkaiden itsens\u00e4 tallentamia ja luovuttamia. Henkil\u00f6tietoja ei osteta kolmansilta osapuolilta.<\/p>\n\n\n\n<p>Jos ep\u00e4ilet, ett\u00e4 joku on rekister\u00f6itynyt tai tehnyt tilauksia henkil\u00f6tiedoillasi ilman lupaasi, otathan yhteytt\u00e4 asiakaspalveluun: info(a)urumi.fi .<\/p>\n\n\n\n<p><strong>9.<\/strong> Henkil\u00f6tietojen s\u00e4ilytysaika<br>Henkil\u00f6tietoja s\u00e4ilytet\u00e4\u00e4n niin kauan kuin se on tarpeen henkil\u00f6tietojen k\u00e4sittelyn tarkoitusten kannalta tai rekisterinpit\u00e4j\u00e4n lakis\u00e4\u00e4teisten velvollisuuksien noudattamiseksi. Passiivisten asiakkaiden henkil\u00f6tiedot poistetaan s\u00e4\u00e4nn\u00f6llisesti. Aktiivisten asiakkaiden yksitt\u00e4iset ei-aktiiviset tilaustiedot poistetaan, kun ne ovat yli 2 vuotta vanhoja.<\/p>\n\n\n\n<p><strong>10.<\/strong> Henkil\u00f6tietojen k\u00e4sittelyn turvallisuus<\/p>\n\n\n\n<p>Henkil\u00f6tiedot on talletettu rekisterinpit\u00e4j\u00e4n s\u00e4hk\u00f6iseen j\u00e4rjestelm\u00e4\u00e4n, jonne on p\u00e4\u00e4sy ainoastaan Urumin ty\u00f6ntekij\u00f6ill\u00e4. J\u00e4rjestelm\u00e4 on suojattu palomuurein ja muiden teknisten keinojen avulla.<br><\/p>\n\n\n\n<p><strong>11.<\/strong> Asiakkaan oikeudet<br>Asiakkaalla on oikeus:<\/p>\n\n\n\n<p>* Oikeus n\u00e4hd\u00e4 h\u00e4nest\u00e4 tallennetut tiedot<\/p>\n\n\n\n<p>* Oikeus oikaista h\u00e4nest\u00e4 tallennettuja tietoja<\/p>\n\n\n\n<p>* Oikeus tietojen poistamiseen<\/p>\n\n\n\n<p>* Oikeus tehd\u00e4 valitus valvontaviranomaiselle<\/p>\n\n\n\n<p>Jos asiakas tahtoo n\u00e4hd\u00e4, oikaista tai poistaa tietoja, tulee h\u00e4nen ottaa yhteytt\u00e4 asiakaspalveluun: info(a)urumi.fi . Tiedot voidaan poistaa, jos asiakkaalla ei ole k\u00e4sittelem\u00e4tt\u00f6mi\u00e4 tilauksia tilill\u00e4\u00e4n. Tietojen n\u00e4kemiseen, oikaisemiseen tai poistamiseen ei vaadita erillist\u00e4 syyt\u00e4. Asiakkaan tiedot varmennetaan s\u00e4hk\u00f6postin, osoitteen, puhelinnumeron tai vanhojen tilausten kautta ennen tietojen antamista, muuttamista tai poistamista.<br>Asiakkaalla on oikeus tehd\u00e4 valitus valvontaviranomaiselle, jos asiakas katsoo, ett\u00e4 henkil\u00f6tietojen k\u00e4sittelyss\u00e4 on loukattu asiakkaan tietosuoja-asetuksiin perustuvia oikeuksia. Suomessa valvontaviranomaisena toimii Tietosuojavaltuutetun toimisto.<\/p>\n","protected":false},"excerpt":{"rendered":"<p>Henkil\u00f6tietolaki (523\/99) 10 \u00a7 mukainen rekisteriseloste. AuctionHouse Urumin asiakkaiden henkil\u00f6tietoja ker\u00e4t\u00e4\u00e4n asiakasrekisteriin rekister\u00f6itymisen ja tilaamisen yhteydess\u00e4. T\u00e4st\u00e4 rekisteriselosteesta selvi\u00e4\u00e4, mit\u00e4 tietoja ker\u00e4t\u00e4\u00e4n ja mihin niit\u00e4 k\u00e4ytet\u00e4\u00e4n. 1. Rekisterinpit\u00e4j\u00e4AuctionHouse Urumi TMITehdaskatu 870620 Kuopioinfo@urumi.fiwww.urumi.fi 2. Rekisterin nimiUrumin asiakasrekisteri. 3. Rekisterin k\u00e4ytt\u00f6tarkoitusRekisteri\u00e4 k\u00e4ytet\u00e4\u00e4n asiakkaan tilausten k\u00e4sittelyyn, muuhun asiakassuhteen hoitoon sek\u00e4 suoramarkkinointiin. Rekisterin tietoja k\u00e4ytet\u00e4\u00e4n ainoastaan Urumin omaan suoramarkkinointiin, [&hellip;]<\/p>\n","protected":false},"author":1,"featured_media":0,"parent":0,"menu_order":0,"comment_status":"closed","ping_status":"closed","template":"","meta":{"footnotes":""},"class_list":["post-2101","page","type-page","status-publish","hentry"],"_links":{"self":[{"href":"https:\/\/urumi.fi\/auctionhouse\/wp-json\/wp\/v2\/pages\/2101","targetHints":{"allow":["GET"]}}],"collection":[{"href":"https:\/\/urumi.fi\/auctionhouse\/wp-json\/wp\/v2\/pages"}],"about":[{"href":"https:\/\/urumi.fi\/auctionhouse\/wp-json\/wp\/v2\/types\/page"}],"author":[{"embeddable":true,"href":"https:\/\/urumi.fi\/auctionhouse\/wp-json\/wp\/v2\/users\/1"}],"replies":[{"embeddable":true,"href":"https:\/\/urumi.fi\/auctionhouse\/wp-json\/wp\/v2\/comments?post=2101"}],"version-history":[{"count":3,"href":"https:\/\/urumi.fi\/auctionhouse\/wp-json\/wp\/v2\/pages\/2101\/revisions"}],"predecessor-version":[{"id":6696,"href":"https:\/\/urumi.fi\/auctionhouse\/wp-json\/wp\/v2\/pages\/2101\/revisions\/6696"}],"wp:attachment":[{"href":"https:\/\/urumi.fi\/auctionhouse\/wp-json\/wp\/v2\/media?parent=2101"}],"curies":[{"name":"wp","href":"https:\/\/api.w.org\/{rel}","templated":true}]}}