{"id":5931,"date":"2024-11-11T18:51:44","date_gmt":"2024-11-11T15:51:44","guid":{"rendered":"https:\/\/urumi.fi\/auctionhouse\/?post_type=product&#038;p=5931"},"modified":"2025-05-23T23:51:50","modified_gmt":"2025-05-23T20:51:50","slug":"pokemon-pokemon-kids-figuuri-clear-taillow-kunto-c","status":"publish","type":"product","link":"https:\/\/urumi.fi\/auctionhouse\/tuote\/pokemon-pokemon-kids-figuuri-clear-taillow-kunto-c\/","title":{"rendered":"Pokemon: Pokemon Kids &#8211; figuuri CLEAR: Taillow Kunto: -\/C"},"content":{"rendered":"<p><!--more-->Ei pakkausta. Kunto C.<\/p>\n<p>Harvinaisempi Clear-versio! Clear-versio on alkuper\u00e4iseen Pokemon Kids -figuuriin verrattuna aavistuksen l\u00e4pikuultava. Clear-versiot ovat harvinaisia ja niiden julkaisum\u00e4\u00e4ri\u00e4 ei tiedet\u00e4: kaikista hahmoista ei v\u00e4ltt\u00e4m\u00e4tt\u00e4 ole ollenkaan clear-versiota ja clear-versioiden saatavuus voi riippua my\u00f6s setist\u00e4. Clear-figuurin saaminen avaamattomasta Pokemon Kids -paketista on noin 1\/100 (seteiss\u00e4, joissa hahmon voi saada).<\/p>\n<p>Figuureiden valmistusvuosi vaihtelee ja vanhimmat voivat olla vuodelta 1996, uusimmat kuuluvalta vuodelta. Jos tahdot tiet\u00e4\u00e4 figuurin valmistusvuoden, kysy\/kommentoi tuotetta.<\/p>\n<p>S &#8211; Uusi<br \/>\nA &#8211; Erinomainen<br \/>\nB &#8211; Hyv\u00e4<br \/>\nC &#8211; Kohtalainen<br \/>\nD &#8211; Heikko<\/p>\n<p>Lue tarkemmat tiedot <a href=\"https:\/\/urumi.fi\/auctionhouse\/kuntoluokitukset\/\">kuntoluokituksista t\u00e4\u00e4lt\u00e4<\/a>.<\/p>\n<p>Huomioithan, ett\u00e4 kuvat ovat vain yleiskuvia tuotteista ja kaikki mahdolliset viat eiv\u00e4t n\u00e4y kuvissa. Osa vioista (mikronaarmut) voivat olla mahdottomia saada kuviin ja joitakin vikoja (p\u00f6lyyntyminen) kuvat korostavat huomattavan paljon.<\/p>\n","protected":false},"excerpt":{"rendered":"","protected":false},"featured_media":5568,"comment_status":"open","ping_status":"closed","template":"","meta":[],"product_brand":[],"product_cat":[27,28],"product_tag":[56,76],"class_list":{"0":"post-5931","1":"product","2":"type-product","3":"status-publish","4":"has-post-thumbnail","6":"product_cat-figuurit","7":"product_cat-pikkutavarat","8":"product_tag-pokemon","9":"product_tag-pokemon-kids","11":"first","12":"instock","13":"taxable","14":"shipping-taxable","15":"purchasable","16":"product-type-simple","17":"add-to-wishlist-after_add_to_cart"},"_links":{"self":[{"href":"https:\/\/urumi.fi\/auctionhouse\/wp-json\/wp\/v2\/product\/5931","targetHints":{"allow":["GET"]}}],"collection":[{"href":"https:\/\/urumi.fi\/auctionhouse\/wp-json\/wp\/v2\/product"}],"about":[{"href":"https:\/\/urumi.fi\/auctionhouse\/wp-json\/wp\/v2\/types\/product"}],"replies":[{"embeddable":true,"href":"https:\/\/urumi.fi\/auctionhouse\/wp-json\/wp\/v2\/comments?post=5931"}],"version-history":[{"count":1,"href":"https:\/\/urumi.fi\/auctionhouse\/wp-json\/wp\/v2\/product\/5931\/revisions"}],"predecessor-version":[{"id":9130,"href":"https:\/\/urumi.fi\/auctionhouse\/wp-json\/wp\/v2\/product\/5931\/revisions\/9130"}],"wp:featuredmedia":[{"embeddable":true,"href":"https:\/\/urumi.fi\/auctionhouse\/wp-json\/wp\/v2\/media\/5568"}],"wp:attachment":[{"href":"https:\/\/urumi.fi\/auctionhouse\/wp-json\/wp\/v2\/media?parent=5931"}],"wp:term":[{"taxonomy":"product_brand","embeddable":true,"href":"https:\/\/urumi.fi\/auctionhouse\/wp-json\/wp\/v2\/product_brand?post=5931"},{"taxonomy":"product_cat","embeddable":true,"href":"https:\/\/urumi.fi\/auctionhouse\/wp-json\/wp\/v2\/product_cat?post=5931"},{"taxonomy":"product_tag","embeddable":true,"href":"https:\/\/urumi.fi\/auctionhouse\/wp-json\/wp\/v2\/product_tag?post=5931"}],"curies":[{"name":"wp","href":"https:\/\/api.w.org\/{rel}","templated":true}]}}