{"id":5959,"date":"2024-11-12T12:33:29","date_gmt":"2024-11-12T09:33:29","guid":{"rendered":"https:\/\/urumi.fi\/auctionhouse\/?post_type=product&#038;p=5959"},"modified":"2025-05-23T23:50:14","modified_gmt":"2025-05-23T20:50:14","slug":"pokemon-takara-tomy-ultra-guardians-moncolle-ex-figure-figuuri-alolan-vulpix-rusetti-kunto-b","status":"publish","type":"product","link":"https:\/\/urumi.fi\/auctionhouse\/tuote\/pokemon-takara-tomy-ultra-guardians-moncolle-ex-figure-figuuri-alolan-vulpix-rusetti-kunto-b\/","title":{"rendered":"Pokemon: Takara Tomy &#8211; Ultra Guardians Moncolle Ex Figure &#8211; figuuri: Alolan Vulpix, rusetti Kunto: -\/B"},"content":{"rendered":"<p><!--more-->Ei pakkausta. Kunto B.<\/p>\n<p>S &#8211; Uusi<br \/>\nA &#8211; Erinomainen<br \/>\nB &#8211; Hyv\u00e4<br \/>\nC &#8211; Kohtalainen<br \/>\nD &#8211; Heikko<\/p>\n<p>Lue tarkemmat tiedot <a href=\"https:\/\/urumi.fi\/auctionhouse\/kuntoluokitukset\/\">kuntoluokituksista t\u00e4\u00e4lt\u00e4<\/a>. Pokemon Kids -figuurit luokitellaan vain kolmeen kuntoluokkaan: S (uusi, muoveissa), C (kohtalainen, kulunut) ja D (heikko, rikki).<\/p>\n<p>Huomioithan, ett\u00e4 kuvat ovat vain yleiskuvia tuotteista ja kaikki mahdolliset viat eiv\u00e4t n\u00e4y kuvissa. Osa vioista (mikronaarmut) voivat olla mahdottomia saada kuviin ja joitakin vikoja (p\u00f6lyyntyminen) kuvat korostavat huomattavan paljon.<\/p>\n","protected":false},"excerpt":{"rendered":"","protected":false},"featured_media":5620,"comment_status":"open","ping_status":"closed","template":"","meta":[],"product_brand":[],"product_cat":[27,28],"product_tag":[56],"class_list":{"0":"post-5959","1":"product","2":"type-product","3":"status-publish","4":"has-post-thumbnail","6":"product_cat-figuurit","7":"product_cat-pikkutavarat","8":"product_tag-pokemon","10":"first","11":"instock","12":"taxable","13":"shipping-taxable","14":"purchasable","15":"product-type-simple","16":"add-to-wishlist-after_add_to_cart"},"_links":{"self":[{"href":"https:\/\/urumi.fi\/auctionhouse\/wp-json\/wp\/v2\/product\/5959","targetHints":{"allow":["GET"]}}],"collection":[{"href":"https:\/\/urumi.fi\/auctionhouse\/wp-json\/wp\/v2\/product"}],"about":[{"href":"https:\/\/urumi.fi\/auctionhouse\/wp-json\/wp\/v2\/types\/product"}],"replies":[{"embeddable":true,"href":"https:\/\/urumi.fi\/auctionhouse\/wp-json\/wp\/v2\/comments?post=5959"}],"version-history":[{"count":1,"href":"https:\/\/urumi.fi\/auctionhouse\/wp-json\/wp\/v2\/product\/5959\/revisions"}],"predecessor-version":[{"id":9120,"href":"https:\/\/urumi.fi\/auctionhouse\/wp-json\/wp\/v2\/product\/5959\/revisions\/9120"}],"wp:featuredmedia":[{"embeddable":true,"href":"https:\/\/urumi.fi\/auctionhouse\/wp-json\/wp\/v2\/media\/5620"}],"wp:attachment":[{"href":"https:\/\/urumi.fi\/auctionhouse\/wp-json\/wp\/v2\/media?parent=5959"}],"wp:term":[{"taxonomy":"product_brand","embeddable":true,"href":"https:\/\/urumi.fi\/auctionhouse\/wp-json\/wp\/v2\/product_brand?post=5959"},{"taxonomy":"product_cat","embeddable":true,"href":"https:\/\/urumi.fi\/auctionhouse\/wp-json\/wp\/v2\/product_cat?post=5959"},{"taxonomy":"product_tag","embeddable":true,"href":"https:\/\/urumi.fi\/auctionhouse\/wp-json\/wp\/v2\/product_tag?post=5959"}],"curies":[{"name":"wp","href":"https:\/\/api.w.org\/{rel}","templated":true}]}}