{"id":6721,"date":"2024-11-23T22:54:02","date_gmt":"2024-11-23T19:54:02","guid":{"rendered":"https:\/\/urumi.fi\/auctionhouse\/?post_type=product&#038;p=6721"},"modified":"2025-05-23T23:27:59","modified_gmt":"2025-05-23T20:27:59","slug":"dragon-ball-freeza-2-3-muoto-figuuri-creatures-kunto-d-b","status":"publish","type":"product","link":"https:\/\/urumi.fi\/auctionhouse\/tuote\/dragon-ball-freeza-2-3-muoto-figuuri-creatures-kunto-d-b\/","title":{"rendered":"Dragon Ball: Freeza, 2.\/3. muoto &#8211; figuuri (Creatures) Kunto: D\/B"},"content":{"rendered":"<p><!--more-->Pakkauksen kunto D. Figuurin kunto B. Dragon Ball Creatures on ainoita Freeza (enkkudubbi Frieza) -figuureita tai muita tuotteita, joissa Freeza on kuvattuna muodonmuutostensa v\u00e4lill\u00e4. Creatures-sarja ilmestyi Dragon Ball Kai -animen ilmestymisen aikoihin ja se kuvaa monia Dragon Ball -hahmoja astetta hirvi\u00f6m\u00e4isempin\u00e4.<\/p>\n<p>S &#8211; Uusi<br \/>\nA &#8211; Erinomainen<br \/>\nB &#8211; Hyv\u00e4<br \/>\nC &#8211; Kohtalainen<br \/>\nD &#8211; Heikko<\/p>\n<p>Lue tarkemmat tiedot <a href=\"https:\/\/urumi.fi\/auctionhouse\/kuntoluokitukset\/\">kuntoluokituksista t\u00e4\u00e4lt\u00e4<\/a>. Pokemon Kids -figuurit luokitellaan <strong>vain<\/strong> kolmeen kuntoluokkaan: S (uusi, muoveissa), C (kohtalainen, kulunut) ja D (heikko, rikki).<\/p>\n<p>Huomioithan, ett\u00e4 kuvat ovat vain yleiskuvia tuotteista ja kaikki mahdolliset viat eiv\u00e4t n\u00e4y kuvissa. Osa vioista (mikronaarmut) voivat olla mahdottomia saada kuviin ja joitakin vikoja (p\u00f6lyyntyminen) kuvat korostavat huomattavan paljon.<\/p>\n","protected":false},"excerpt":{"rendered":"","protected":false},"featured_media":6652,"comment_status":"open","ping_status":"closed","template":"","meta":[],"product_brand":[],"product_cat":[27],"product_tag":[47,139,147,140,148,149],"class_list":{"0":"post-6721","1":"product","2":"type-product","3":"status-publish","4":"has-post-thumbnail","6":"product_cat-figuurit","7":"product_tag-animefiguuri","8":"product_tag-dragon-ball","9":"product_tag-dragon-ball-figuuri","10":"product_tag-dragon-ball-z","11":"product_tag-dragonball","12":"product_tag-freeza","14":"first","15":"instock","16":"taxable","17":"shipping-taxable","18":"purchasable","19":"product-type-simple","20":"add-to-wishlist-after_add_to_cart"},"_links":{"self":[{"href":"https:\/\/urumi.fi\/auctionhouse\/wp-json\/wp\/v2\/product\/6721","targetHints":{"allow":["GET"]}}],"collection":[{"href":"https:\/\/urumi.fi\/auctionhouse\/wp-json\/wp\/v2\/product"}],"about":[{"href":"https:\/\/urumi.fi\/auctionhouse\/wp-json\/wp\/v2\/types\/product"}],"replies":[{"embeddable":true,"href":"https:\/\/urumi.fi\/auctionhouse\/wp-json\/wp\/v2\/comments?post=6721"}],"version-history":[{"count":1,"href":"https:\/\/urumi.fi\/auctionhouse\/wp-json\/wp\/v2\/product\/6721\/revisions"}],"predecessor-version":[{"id":8978,"href":"https:\/\/urumi.fi\/auctionhouse\/wp-json\/wp\/v2\/product\/6721\/revisions\/8978"}],"wp:featuredmedia":[{"embeddable":true,"href":"https:\/\/urumi.fi\/auctionhouse\/wp-json\/wp\/v2\/media\/6652"}],"wp:attachment":[{"href":"https:\/\/urumi.fi\/auctionhouse\/wp-json\/wp\/v2\/media?parent=6721"}],"wp:term":[{"taxonomy":"product_brand","embeddable":true,"href":"https:\/\/urumi.fi\/auctionhouse\/wp-json\/wp\/v2\/product_brand?post=6721"},{"taxonomy":"product_cat","embeddable":true,"href":"https:\/\/urumi.fi\/auctionhouse\/wp-json\/wp\/v2\/product_cat?post=6721"},{"taxonomy":"product_tag","embeddable":true,"href":"https:\/\/urumi.fi\/auctionhouse\/wp-json\/wp\/v2\/product_tag?post=6721"}],"curies":[{"name":"wp","href":"https:\/\/api.w.org\/{rel}","templated":true}]}}