{"id":7105,"date":"2024-12-16T12:30:47","date_gmt":"2024-12-16T09:30:47","guid":{"rendered":"https:\/\/urumi.fi\/auctionhouse\/?post_type=product&#038;p=7105"},"modified":"2025-05-23T23:21:45","modified_gmt":"2025-05-23T20:21:45","slug":"pretty-cure-cure-lemonade-figuuri-doll-series-kunto-c-2","status":"publish","type":"product","link":"https:\/\/urumi.fi\/auctionhouse\/tuote\/pretty-cure-cure-lemonade-figuuri-doll-series-kunto-c-2\/","title":{"rendered":"Pretty Cure: Cure Ace &#8211; figuuri (Doll Series) Kunto: -\/C"},"content":{"rendered":"<p>Ei pakkausta. Figuurin kunto C. Mukana ei alkuper\u00e4ist\u00e4 alustaa. Mukana korvikealusta, jolla figuuri pysyy pystyss\u00e4. Doll Series -sarjaa, jossa hahmojen osia voi liikutella hieman (p\u00e4\u00e4, olkap\u00e4\u00e4t, jalat).<\/p>\n<p>Pretty Cure tunnetaan my\u00f6s nimell\u00e4 Glitter Force.<\/p>\n<p>S &#8211; Uusi<br \/>\nA &#8211; Erinomainen<br \/>\nB &#8211; Hyv\u00e4<br \/>\nC &#8211; Kohtalainen<br \/>\nD &#8211; Heikko<\/p>\n<p>Lue tarkemmat tiedot <a href=\"https:\/\/urumi.fi\/auctionhouse\/kuntoluokitukset\/\">kuntoluokituksista t\u00e4\u00e4lt\u00e4<\/a>.<\/p>\n<p>Huomioithan, ett\u00e4 kuvat ovat vain yleiskuvia tuotteista ja kaikki mahdolliset viat eiv\u00e4t n\u00e4y kuvissa. Osa vioista (mikronaarmut) voivat olla mahdottomia saada kuviin ja joitakin vikoja (p\u00f6lyyntyminen) kuvat korostavat huomattavan paljon.<\/p>\n","protected":false},"excerpt":{"rendered":"<p>Ei pakkausta. Figuurin kunto C. Mukana ei alkuper\u00e4ist\u00e4 alustaa. Mukana korvikealusta, jolla figuuri pysyy pystyss\u00e4. Doll Series -sarjaa, jossa hahmojen osia voi liikutella hieman (p\u00e4\u00e4, olkap\u00e4\u00e4t, jalat). Pretty Cure tunnetaan my\u00f6s nimell\u00e4 Glitter Force. S &#8211; Uusi A &#8211; Erinomainen B &#8211; Hyv\u00e4 C &#8211; Kohtalainen D &#8211; Heikko Lue tarkemmat tiedot kuntoluokituksista t\u00e4\u00e4lt\u00e4. Huomioithan, [&hellip;]<\/p>\n","protected":false},"featured_media":6962,"comment_status":"open","ping_status":"closed","template":"","meta":[],"product_brand":[],"product_cat":[27],"product_tag":[47,116,114],"class_list":{"0":"post-7105","1":"product","2":"type-product","3":"status-publish","4":"has-post-thumbnail","6":"product_cat-figuurit","7":"product_tag-animefiguuri","8":"product_tag-glitter-force","9":"product_tag-pretty-cure","11":"first","12":"instock","13":"taxable","14":"shipping-taxable","15":"purchasable","16":"product-type-simple","17":"add-to-wishlist-after_add_to_cart"},"_links":{"self":[{"href":"https:\/\/urumi.fi\/auctionhouse\/wp-json\/wp\/v2\/product\/7105","targetHints":{"allow":["GET"]}}],"collection":[{"href":"https:\/\/urumi.fi\/auctionhouse\/wp-json\/wp\/v2\/product"}],"about":[{"href":"https:\/\/urumi.fi\/auctionhouse\/wp-json\/wp\/v2\/types\/product"}],"replies":[{"embeddable":true,"href":"https:\/\/urumi.fi\/auctionhouse\/wp-json\/wp\/v2\/comments?post=7105"}],"version-history":[{"count":2,"href":"https:\/\/urumi.fi\/auctionhouse\/wp-json\/wp\/v2\/product\/7105\/revisions"}],"predecessor-version":[{"id":8951,"href":"https:\/\/urumi.fi\/auctionhouse\/wp-json\/wp\/v2\/product\/7105\/revisions\/8951"}],"wp:featuredmedia":[{"embeddable":true,"href":"https:\/\/urumi.fi\/auctionhouse\/wp-json\/wp\/v2\/media\/6962"}],"wp:attachment":[{"href":"https:\/\/urumi.fi\/auctionhouse\/wp-json\/wp\/v2\/media?parent=7105"}],"wp:term":[{"taxonomy":"product_brand","embeddable":true,"href":"https:\/\/urumi.fi\/auctionhouse\/wp-json\/wp\/v2\/product_brand?post=7105"},{"taxonomy":"product_cat","embeddable":true,"href":"https:\/\/urumi.fi\/auctionhouse\/wp-json\/wp\/v2\/product_cat?post=7105"},{"taxonomy":"product_tag","embeddable":true,"href":"https:\/\/urumi.fi\/auctionhouse\/wp-json\/wp\/v2\/product_tag?post=7105"}],"curies":[{"name":"wp","href":"https:\/\/api.w.org\/{rel}","templated":true}]}}