{"id":7125,"date":"2024-12-16T17:22:22","date_gmt":"2024-12-16T14:22:22","guid":{"rendered":"https:\/\/urumi.fi\/auctionhouse\/?post_type=product&#038;p=7125"},"modified":"2026-01-18T00:09:43","modified_gmt":"2026-01-17T21:09:43","slug":"pretty-cure-cure-beat-figuuri-cutie-figures-kunto-d","status":"publish","type":"product","link":"https:\/\/urumi.fi\/auctionhouse\/tuote\/pretty-cure-cure-beat-figuuri-cutie-figures-kunto-d\/","title":{"rendered":"Pretty Cure: Cure Beat &#8211; figuuri (Cutie Figures) Kunto: -\/D"},"content":{"rendered":"<p>Ei pakkausta. Figuurin kunto D. Ei alustaa.<\/p>\n<p>Pretty Cure tunnetaan my\u00f6s nimell\u00e4 Glitter Force.<\/p>\n<p>S &#8211; Uusi<br \/>\nA &#8211; Erinomainen<br \/>\nB &#8211; Hyv\u00e4<br \/>\nC &#8211; Kohtalainen<br \/>\nD &#8211; Heikko<\/p>\n<p>Lue tarkemmat tiedot <a href=\"https:\/\/urumi.fi\/auctionhouse\/kuntoluokitukset\/\">kuntoluokituksista t\u00e4\u00e4lt\u00e4<\/a>.<\/p>\n<p>Huomioithan, ett\u00e4 kuvat ovat vain yleiskuvia tuotteista ja kaikki mahdolliset viat eiv\u00e4t n\u00e4y kuvissa. Osa vioista (mikronaarmut) voivat olla mahdottomia saada kuviin ja joitakin vikoja (p\u00f6lyyntyminen) kuvat korostavat huomattavan paljon.<\/p>\n","protected":false},"excerpt":{"rendered":"<p>Ei pakkausta. Figuurin kunto D. Ei alustaa. Pretty Cure tunnetaan my\u00f6s nimell\u00e4 Glitter Force. S &#8211; Uusi A &#8211; Erinomainen B &#8211; Hyv\u00e4 C &#8211; Kohtalainen D &#8211; Heikko Lue tarkemmat tiedot kuntoluokituksista t\u00e4\u00e4lt\u00e4. Huomioithan, ett\u00e4 kuvat ovat vain yleiskuvia tuotteista ja kaikki mahdolliset viat eiv\u00e4t n\u00e4y kuvissa. Osa vioista (mikronaarmut) voivat olla mahdottomia saada [&hellip;]<\/p>\n","protected":false},"featured_media":7004,"comment_status":"open","ping_status":"closed","template":"","meta":[],"product_brand":[],"product_cat":[27],"product_tag":[47,116,114],"class_list":{"0":"post-7125","1":"product","2":"type-product","3":"status-publish","4":"has-post-thumbnail","6":"product_cat-figuurit","7":"product_tag-animefiguuri","8":"product_tag-glitter-force","9":"product_tag-pretty-cure","11":"first","12":"outofstock","13":"taxable","14":"shipping-taxable","15":"product-type-simple","16":"add-to-wishlist-after_add_to_cart"},"_links":{"self":[{"href":"https:\/\/urumi.fi\/auctionhouse\/wp-json\/wp\/v2\/product\/7125","targetHints":{"allow":["GET"]}}],"collection":[{"href":"https:\/\/urumi.fi\/auctionhouse\/wp-json\/wp\/v2\/product"}],"about":[{"href":"https:\/\/urumi.fi\/auctionhouse\/wp-json\/wp\/v2\/types\/product"}],"replies":[{"embeddable":true,"href":"https:\/\/urumi.fi\/auctionhouse\/wp-json\/wp\/v2\/comments?post=7125"}],"version-history":[{"count":0,"href":"https:\/\/urumi.fi\/auctionhouse\/wp-json\/wp\/v2\/product\/7125\/revisions"}],"wp:featuredmedia":[{"embeddable":true,"href":"https:\/\/urumi.fi\/auctionhouse\/wp-json\/wp\/v2\/media\/7004"}],"wp:attachment":[{"href":"https:\/\/urumi.fi\/auctionhouse\/wp-json\/wp\/v2\/media?parent=7125"}],"wp:term":[{"taxonomy":"product_brand","embeddable":true,"href":"https:\/\/urumi.fi\/auctionhouse\/wp-json\/wp\/v2\/product_brand?post=7125"},{"taxonomy":"product_cat","embeddable":true,"href":"https:\/\/urumi.fi\/auctionhouse\/wp-json\/wp\/v2\/product_cat?post=7125"},{"taxonomy":"product_tag","embeddable":true,"href":"https:\/\/urumi.fi\/auctionhouse\/wp-json\/wp\/v2\/product_tag?post=7125"}],"curies":[{"name":"wp","href":"https:\/\/api.w.org\/{rel}","templated":true}]}}