{"id":9576,"date":"2026-02-09T18:08:43","date_gmt":"2026-02-09T15:08:43","guid":{"rendered":"https:\/\/urumi.fi\/auctionhouse\/?post_type=product&#038;p=9576"},"modified":"2026-03-10T00:56:34","modified_gmt":"2026-03-09T21:56:34","slug":"hopeanuoli-figure-collection-vol-1-gashapon-so-ta","status":"publish","type":"product","link":"https:\/\/urumi.fi\/auctionhouse\/tuote\/hopeanuoli-figure-collection-vol-1-gashapon-so-ta\/","title":{"rendered":"Hopeanuoli: Figure Collection vol. 1 Gashapon SO-TA"},"content":{"rendered":"<p>Kunto: S\/S (uusi, avaamaton pakkaus)<\/p>\n<p>Hahmovaihtoehdot:<\/p>\n<p>Gin (v\u00e4ritetty ja hopea)<\/p>\n<p>Akame (v\u00e4ritetty ja hopea)<\/p>\n<p>Ben (v\u00e4ritetty ja hopea)<\/p>\n<p>Mit\u00e4 eroa Gashapon-versiolla on SO-TAn ennakkotilaus-versioon verrattuna?<br \/>\nGashapon-figuuri ei tule laatikossa, vaan l\u00e4pin\u00e4kyv\u00e4ss\u00e4 muovipallossa. Ennakkotilausfiguureissa on enemm\u00e4n yksityiskohtia ja niiden maalaamiseen on k\u00e4ytetty eri v\u00e4ris\u00e4vyj\u00e4. Gashapon-figuureissa on mukana my\u00f6s hopeanv\u00e4riset figuurit, joita ei ollut ollenkaan saatavana ennakkotilausfiguureissa.<\/p>\n","protected":false},"excerpt":{"rendered":"<p>Kunto: S\/S (uusi, avaamaton pakkaus) Hahmovaihtoehdot: Gin (v\u00e4ritetty ja hopea) Akame (v\u00e4ritetty ja hopea) Ben (v\u00e4ritetty ja hopea) Mit\u00e4 eroa Gashapon-versiolla on SO-TAn ennakkotilaus-versioon verrattuna? Gashapon-figuuri ei tule laatikossa, vaan l\u00e4pin\u00e4kyv\u00e4ss\u00e4 muovipallossa. Ennakkotilausfiguureissa on enemm\u00e4n yksityiskohtia ja niiden maalaamiseen on k\u00e4ytetty eri v\u00e4ris\u00e4vyj\u00e4. Gashapon-figuureissa on mukana my\u00f6s hopeanv\u00e4riset figuurit, joita ei ollut ollenkaan saatavana ennakkotilausfiguureissa.<\/p>\n","protected":false},"featured_media":9585,"comment_status":"open","ping_status":"closed","template":"","meta":[],"product_brand":[],"product_cat":[27],"product_tag":[158,209,53],"class_list":{"0":"post-9576","1":"product","2":"type-product","3":"status-publish","4":"has-post-thumbnail","6":"product_cat-figuurit","7":"product_tag-ginga-densetsu-weed","8":"product_tag-ginga-nagareboshi-gin","9":"product_tag-hopeanuoli","11":"first","12":"instock","13":"taxable","14":"shipping-taxable","15":"purchasable","16":"product-type-variable","17":"add-to-wishlist-after_add_to_cart"},"_links":{"self":[{"href":"https:\/\/urumi.fi\/auctionhouse\/wp-json\/wp\/v2\/product\/9576","targetHints":{"allow":["GET"]}}],"collection":[{"href":"https:\/\/urumi.fi\/auctionhouse\/wp-json\/wp\/v2\/product"}],"about":[{"href":"https:\/\/urumi.fi\/auctionhouse\/wp-json\/wp\/v2\/types\/product"}],"replies":[{"embeddable":true,"href":"https:\/\/urumi.fi\/auctionhouse\/wp-json\/wp\/v2\/comments?post=9576"}],"version-history":[{"count":2,"href":"https:\/\/urumi.fi\/auctionhouse\/wp-json\/wp\/v2\/product\/9576\/revisions"}],"predecessor-version":[{"id":9595,"href":"https:\/\/urumi.fi\/auctionhouse\/wp-json\/wp\/v2\/product\/9576\/revisions\/9595"}],"wp:featuredmedia":[{"embeddable":true,"href":"https:\/\/urumi.fi\/auctionhouse\/wp-json\/wp\/v2\/media\/9585"}],"wp:attachment":[{"href":"https:\/\/urumi.fi\/auctionhouse\/wp-json\/wp\/v2\/media?parent=9576"}],"wp:term":[{"taxonomy":"product_brand","embeddable":true,"href":"https:\/\/urumi.fi\/auctionhouse\/wp-json\/wp\/v2\/product_brand?post=9576"},{"taxonomy":"product_cat","embeddable":true,"href":"https:\/\/urumi.fi\/auctionhouse\/wp-json\/wp\/v2\/product_cat?post=9576"},{"taxonomy":"product_tag","embeddable":true,"href":"https:\/\/urumi.fi\/auctionhouse\/wp-json\/wp\/v2\/product_tag?post=9576"}],"curies":[{"name":"wp","href":"https:\/\/api.w.org\/{rel}","templated":true}]}}